{"id":1189,"date":"2021-01-29T12:36:26","date_gmt":"2021-01-29T12:36:26","guid":{"rendered":"https:\/\/carloscheca.com\/?page_id=1189"},"modified":"2021-01-29T12:36:29","modified_gmt":"2021-01-29T12:36:29","slug":"avis-legal","status":"publish","type":"page","link":"https:\/\/carloscheca.com\/ca\/avis-legal\/","title":{"rendered":"Av\u00eds legal"},"content":{"rendered":"\n<h3>Identificaci\u00f3 i titularitat<\/h3>\n\n\n\n<p>En compliment de l&#8217;article 10 de la Llei 34\/2002, de 11 de juliol, de Serveis de la Societat de la Informaci\u00f3 i Comer\u00e7 Electr\u00f2nic, el titular exposa les seves dades identificatives.<\/p>\n\n\n\n<p><strong>Titular<\/strong>: Carles Checa Carrera<br><strong>Correu electr\u00f2nic<\/strong>: web@carloscheca.com<br><strong>Domini<\/strong>: www.carloscheca.com<\/p>\n\n\n\n<h3>Condicions d&#8217;\u00fas<\/h3>\n\n\n\n<p>La utilitzaci\u00f3 del lloc Web li atorga la condici\u00f3 d&#8217;Usuari, i implica l&#8217;acceptaci\u00f3 completa de totes les cl\u00e0usules i condicions d&#8217;\u00fas incloses a les p\u00e0gines: Av\u00eds Legal<br>Si no estigu\u00e9s d&#8217;acord amb totes i cadascuna d&#8217;aquestes cl\u00e0usules i condicions s&#8217;abstingui d&#8217;utilitzar aquest lloc web.<\/p>\n\n\n\n<ul><li>L&#8217;acc\u00e9s a aquest lloc web no suposa, de cap manera, l&#8217;inici d&#8217;una relaci\u00f3 comercial amb el Titular.<\/li><li>A trav\u00e9s d&#8217;aquest lloc web, el titular li facilita l&#8217;acc\u00e9s de diversos continguts que el titular o els seus col\u00b7laboradors han publicadon per mitj\u00e0 d&#8217;Internet.<\/li><li>A aquest efecte, vost\u00e8 est\u00e0 obligat i comprom\u00e8s a NO utilitzar qualsevol dels continguts d&#8217;el lloc web amb fins o efectes il\u00b7l\u00edcits, prohibits en aquest av\u00eds legal o per la legislaci\u00f3 vigent, lesius dels drets i interessos de tercers, o que de qualsevol forma puguin danyar, inutilitzar, sobrecarregar, deteriorar o impedir la normal utilitzaci\u00f3 dels continguts, els equips inform\u00e0tics o els documents, arxius i tota classe de continguts emmagatzemats en qualsevol equip inform\u00e0tic propis o contractats pel Titular, d&#8217;altres usuaris o de qualsevol usuari d&#8217; Internet.<\/li><\/ul>\n\n\n\n<h3>Continguts<\/h3>\n\n\n\n<ul><li>El Titular ha obtingut la informaci\u00f3, el contingut multim\u00e8dia i els materials inclosos al lloc web de fonts que considera fiables, per\u00f2, si b\u00e9 ha pres totes les mesures raonables per assegurar que la informaci\u00f3 continguda \u00e9s correcta, el Titular no garanteix que sigui exacta , completa o actualitzada. El Titular declina expressament qualsevol responsabilitat per error o omissi\u00f3 en la informaci\u00f3 continguda en les p\u00e0gines d&#8217;aquest lloc web.<\/li><li>Queda prohibit transmetre o enviar a trav\u00e9s de el lloc Web qualsevol contingut il\u00b7legal o il\u00b7l\u00edcit, virus inform\u00e0tics, o missatges que, en general, afectin o violin drets del Titular o de tercers.<\/li><li>Els continguts del Lloc Web tenen \u00fanicament una finalitat informativa i sota cap circumst\u00e0ncia han d&#8217;usar-ni considerar com a oferta de venda, sol\u00b7licitud d&#8217;una oferta de compra ni recomanaci\u00f3 per realitzar qualsevol altra operaci\u00f3, llevat que aix\u00ed s&#8217;indiqui expressament.<\/li><li>El Titular es reserva el dret a modificar, suspendre, cancel\u00b7lar o restringir el contingut del Lloc Web, els vincles o la informaci\u00f3 obtinguda a trav\u00e9s del lloc web, sense necessitat de previ av\u00eds.<\/li><li>El Titular no \u00e9s responsable dels danys i perjudicis que es puguin derivar de la utilitzaci\u00f3 de la informaci\u00f3 de el lloc web o de la continguda en les xarxes socials de l&#8217;Titular.<\/li><\/ul>\n\n\n\n<h3>Enlla\u00e7os a altres llocs web<\/h3>\n\n\n\n<ul><li>El Titular pot proporcionar acc\u00e9s a llocs Web de tercers mitjan\u00e7ant enlla\u00e7os amb la finalitat exclusiva d&#8217;informar sobre l&#8217;exist\u00e8ncia d&#8217;altres fonts d&#8217;informaci\u00f3 a Internet on podr\u00e0 ampliar les dades ofertes en el lloc Web.<\/li><li>Aquests enlla\u00e7os a altres llocs web no suposen en cap cas un suggeriment o recomanaci\u00f3 perqu\u00e8 vost\u00e8 visiti les p\u00e0gines web de destinaci\u00f3, que estan fora de control de la persona titular, per la qual cosa Titular no \u00e9s responsable de l&#8217;contingut dels llocs web vinculats ni de l&#8217;resultat que obtingui a l&#8217;seguir els enlla\u00e7os.<\/li><li>Aquests enlla\u00e7os a altres llocs web no suposen en cap cas un suggeriment o recomanaci\u00f3 perqu\u00e8 visitis les p\u00e0gines web de destinaci\u00f3, que estan fora de control de la persona titular, per la qual cosa Titular no \u00e9s responsable de l&#8217;contingut dels llocs web vinculats ni de el resultat que obtinguis a l&#8217;seguir els enlla\u00e7os.<\/li><li>Aix\u00ed mateix, el titular no respon dels links o enlla\u00e7os ubicats en els llocs web vinculats als que li proporciona acc\u00e9s.<\/li><li>L&#8217;establiment de l&#8217;enlla\u00e7 no implica en cap cas l&#8217;exist\u00e8ncia de relacions entre Titular i el propietari de el lloc en qu\u00e8 s&#8217;estableixi l&#8217;enlla\u00e7, ni l&#8217;acceptaci\u00f3 o aprovaci\u00f3 per part de l&#8217;Titular dels seus continguts o serveis.<\/li><li>Si accedeix a un lloc web extern des d&#8217;un enlla\u00e7 que trobi en el lloc web vost\u00e8 haur\u00e0 de llegir la pr\u00f2pia pol\u00edtica de privacitat de l&#8217;altre lloc web que pot ser diferent de la d&#8217;aquest lloc web.<\/li><\/ul>\n\n\n\n<h3>Jurisdicci\u00f3<\/h3>\n\n\n\n<ul><li>Aquest Av\u00eds Legal es regeix \u00edntegrament per la legislaci\u00f3 espanyola.<\/li><li>Sempre que no hi hagi una norma que obligui a una altra cosa, per a quantes q\u00fcestions se suscitin sobre la interpretaci\u00f3, aplicaci\u00f3 i compliment d&#8217;aquest Av\u00eds Legal, aix\u00ed com de les reclamacions que puguin derivar-se del seu \u00fas, les parts acorden sotmetre als jutges i tribunals de la prov\u00edncia de Barcelona, \u200b\u200bamb ren\u00fancia expressa de qualsevol altra jurisdicci\u00f3 que els pogu\u00e9s correspondre.<\/li><\/ul>\n\n\n\n<h3>Contacte<\/h3>\n\n\n\n<p>En cas que vost\u00e8 tingui qualsevol dubte sobre aquestes Condicions legals o vulgui fer qualsevol comentari sobre aquest lloc web, pot enviar un missatge de correu electr\u00f2nic a l&#8217;adre\u00e7a web@carloscheca.com.<\/p>\n","protected":false},"excerpt":{"rendered":"<p>Identificaci\u00f3 i titularitat En compliment de l&#8217;article 10 de la Llei 34\/2002, de 11 de juliol, de Serveis de la Societat de la Informaci\u00f3 i Comer\u00e7 Electr\u00f2nic, el titular exposa les seves dades identificatives. Titular: Carles Checa CarreraCorreu electr\u00f2nic: web@carloscheca.comDomini: www.carloscheca.com Condicions d&#8217;\u00fas La utilitzaci\u00f3 del lloc Web li atorga la condici\u00f3 d&#8217;Usuari, i implica &#8230; <a title=\"Av\u00eds legal\" class=\"read-more\" href=\"https:\/\/carloscheca.com\/ca\/avis-legal\/\" aria-label=\"More on Av\u00eds legal\">Read more<\/a><\/p>\n","protected":false},"author":4,"featured_media":0,"parent":0,"menu_order":0,"comment_status":"closed","ping_status":"closed","template":"","meta":[],"_links":{"self":[{"href":"https:\/\/carloscheca.com\/ca\/wp-json\/wp\/v2\/pages\/1189"}],"collection":[{"href":"https:\/\/carloscheca.com\/ca\/wp-json\/wp\/v2\/pages"}],"about":[{"href":"https:\/\/carloscheca.com\/ca\/wp-json\/wp\/v2\/types\/page"}],"author":[{"embeddable":true,"href":"https:\/\/carloscheca.com\/ca\/wp-json\/wp\/v2\/users\/4"}],"replies":[{"embeddable":true,"href":"https:\/\/carloscheca.com\/ca\/wp-json\/wp\/v2\/comments?post=1189"}],"version-history":[{"count":1,"href":"https:\/\/carloscheca.com\/ca\/wp-json\/wp\/v2\/pages\/1189\/revisions"}],"predecessor-version":[{"id":1190,"href":"https:\/\/carloscheca.com\/ca\/wp-json\/wp\/v2\/pages\/1189\/revisions\/1190"}],"wp:attachment":[{"href":"https:\/\/carloscheca.com\/ca\/wp-json\/wp\/v2\/media?parent=1189"}],"curies":[{"name":"wp","href":"https:\/\/api.w.org\/{rel}","templated":true}]}}