{"id":1199,"date":"2021-01-29T12:39:59","date_gmt":"2021-01-29T12:39:59","guid":{"rendered":"https:\/\/carloscheca.com\/?page_id=1199"},"modified":"2021-01-29T12:40:00","modified_gmt":"2021-01-29T12:40:00","slug":"politica-de-cookies","status":"publish","type":"page","link":"https:\/\/carloscheca.com\/ca\/politica-de-cookies\/","title":{"rendered":"Pol\u00edtica de cookies"},"content":{"rendered":"\n<p>Aquest lloc utilitza galetes &#8211; petits arxius de text que es col\u00b7loquen en la teva m\u00e0quina per ajudar a que el lloc proporcioni una millor experi\u00e8ncia a l&#8217;usuari. En general, les galetes s&#8217;utilitzen per conservar les prefer\u00e8ncies de l&#8217;usuari, emmagatzemar informaci\u00f3 per a coses com carrets de la compra i proporcionar dades de seguiment an\u00f2nims a aplicacions de tercers com Google Analytics. Com a regla general, les galetes faran que la teva experi\u00e8ncia de navegaci\u00f3 sigui millor. No obstant aix\u00f2, \u00e9s possible que prefereixis desactivar les cookies en aquest lloc i en altres. La forma m\u00e9s efica\u00e7 de fer-ho \u00e9s desactivar les cookies al teu navegador. Et suggerim que consultis la secci\u00f3 d&#8217;Ajuda del navegador o que facis un cop d&#8217;ull a la <a href=\"http:\/\/www.aboutcookies.org\" target=\"_blank\" rel=\"noreferrer noopener\">p\u00e0gina web de About Cookies<\/a>, Que ofereix orientaci\u00f3 per a tots els navegadors moderns.<\/p>\n","protected":false},"excerpt":{"rendered":"<p>Aquest lloc utilitza galetes &#8211; petits arxius de text que es col\u00b7loquen en la teva m\u00e0quina per ajudar a que el lloc proporcioni una millor experi\u00e8ncia a l&#8217;usuari. En general, les galetes s&#8217;utilitzen per conservar les prefer\u00e8ncies de l&#8217;usuari, emmagatzemar informaci\u00f3 per a coses com carrets de la compra i proporcionar dades de seguiment an\u00f2nims &#8230; <a title=\"Pol\u00edtica de cookies\" class=\"read-more\" href=\"https:\/\/carloscheca.com\/ca\/politica-de-cookies\/\" aria-label=\"More on Pol\u00edtica de cookies\">Read more<\/a><\/p>\n","protected":false},"author":4,"featured_media":0,"parent":0,"menu_order":0,"comment_status":"closed","ping_status":"closed","template":"","meta":[],"_links":{"self":[{"href":"https:\/\/carloscheca.com\/ca\/wp-json\/wp\/v2\/pages\/1199"}],"collection":[{"href":"https:\/\/carloscheca.com\/ca\/wp-json\/wp\/v2\/pages"}],"about":[{"href":"https:\/\/carloscheca.com\/ca\/wp-json\/wp\/v2\/types\/page"}],"author":[{"embeddable":true,"href":"https:\/\/carloscheca.com\/ca\/wp-json\/wp\/v2\/users\/4"}],"replies":[{"embeddable":true,"href":"https:\/\/carloscheca.com\/ca\/wp-json\/wp\/v2\/comments?post=1199"}],"version-history":[{"count":1,"href":"https:\/\/carloscheca.com\/ca\/wp-json\/wp\/v2\/pages\/1199\/revisions"}],"predecessor-version":[{"id":1200,"href":"https:\/\/carloscheca.com\/ca\/wp-json\/wp\/v2\/pages\/1199\/revisions\/1200"}],"wp:attachment":[{"href":"https:\/\/carloscheca.com\/ca\/wp-json\/wp\/v2\/media?parent=1199"}],"curies":[{"name":"wp","href":"https:\/\/api.w.org\/{rel}","templated":true}]}}